{"id":825,"date":"2020-10-07T02:18:22","date_gmt":"2020-10-07T02:18:22","guid":{"rendered":"http:\/\/avo.smartinnovates.com\/?page_id=825"},"modified":"2022-10-27T16:05:51","modified_gmt":"2022-10-27T16:05:51","slug":"hakkimizda","status":"publish","type":"page","link":"https:\/\/www.mineaarchitecture.com\/ar\/hakkimizda\/","title":{"rendered":"\u0645\u0639\u0644\u0648\u0645\u0627\u062a \u0639\u0646\u0627"},"content":{"rendered":"<div data-elementor-type=\"wp-page\" data-elementor-id=\"825\" class=\"elementor elementor-825\">\n\t\t\t\t\t\t\t\t\t<section class=\"elementor-section elementor-top-section elementor-element elementor-element-473dd17 elementor-section-full_width elementor-section-height-default elementor-section-height-default\" data-id=\"473dd17\" data-element_type=\"section\">\n\t\t\t\t\t\t<div class=\"elementor-container elementor-column-gap-no\">\n\t\t\t\t\t<div class=\"elementor-column elementor-col-100 elementor-top-column elementor-element elementor-element-f709733\" data-id=\"f709733\" data-element_type=\"column\">\n\t\t\t<div class=\"elementor-widget-wrap elementor-element-populated\">\n\t\t\t\t\t\t\t\t<div class=\"elementor-element elementor-element-bfa7861 elementor-widget elementor-widget-avo-title\" data-id=\"bfa7861\" data-element_type=\"widget\" data-widget_type=\"avo-title.default\">\n\t\t\t\t<div class=\"elementor-widget-container\">\n\t\t\t\r\n\r\n<div class=\"avo-header style-4\">\r\n    <div class=\"pages-header bg-img valign parallaxie\" data-background=\"https:\/\/www.mineaarchitecture.com\/wp-content\/uploads\/2022\/10\/low-angle-shot-grey-skyscrapers-front-river-dark-cloudy-sky_181624-7042.webp\" data-overlay-dark=\"5\">\r\n        <div class=\"container\">\r\n            <div class=\"row\">\r\n                <div class=\"col-lg-12\">\r\n                    <div class=\"cont text-center\">\r\n                        <h1>\u0645\u0639\u0644\u0648\u0645\u0627\u062a \u0639\u0646\u0627<\/h1>\r\n                        <div class=\"path\">\r\n                            <span class=\"1 breadcrumb-first\"><a href=\"https:\/\/www.mineaarchitecture.com\/ar\/\"> Home<\/a><\/span><em> \/ <\/em>                        <\/div>\r\n                    <\/div>\r\n                <\/div>\r\n            <\/div>\r\n        <\/div>\r\n    <\/div>\r\n<\/div>\t\t<\/div>\n\t\t\t\t<\/div>\n\t\t\t\t\t<\/div>\n\t\t<\/div>\n\t\t\t\t\t\t\t<\/div>\n\t\t<\/section>\n\t\t\t\t<section class=\"elementor-section elementor-top-section elementor-element elementor-element-0faa404 avo-section-mode1 elementor-section-boxed elementor-section-height-default elementor-section-height-default\" data-id=\"0faa404\" data-element_type=\"section\" data-settings=\"{&quot;background_background&quot;:&quot;classic&quot;}\">\n\t\t\t\t\t\t<div class=\"elementor-container elementor-column-gap-no\">\n\t\t\t\t\t<div class=\"elementor-column elementor-col-100 elementor-top-column elementor-element elementor-element-ffeeb1a\" data-id=\"ffeeb1a\" data-element_type=\"column\">\n\t\t\t<div class=\"elementor-widget-wrap elementor-element-populated\">\n\t\t\t\t\t\t\t\t<section class=\"elementor-section elementor-inner-section elementor-element elementor-element-58fe5dc elementor-section-boxed elementor-section-height-default elementor-section-height-default\" data-id=\"58fe5dc\" data-element_type=\"section\">\n\t\t\t\t\t\t<div class=\"elementor-container elementor-column-gap-default\">\n\t\t\t\t\t<div class=\"elementor-column elementor-col-50 elementor-inner-column elementor-element elementor-element-cdd4c02\" data-id=\"cdd4c02\" data-element_type=\"column\">\n\t\t\t<div class=\"elementor-widget-wrap elementor-element-populated\">\n\t\t\t\t\t\t\t\t<div class=\"elementor-element elementor-element-d6f7673 elementor-widget elementor-widget-heading\" data-id=\"d6f7673\" data-element_type=\"widget\" data-widget_type=\"heading.default\">\n\t\t\t\t<div class=\"elementor-widget-container\">\n\t\t\t<style>\/*! elementor - v3.8.0 - 30-10-2022 *\/\n.elementor-heading-title{padding:0;margin:0;line-height:1}.elementor-widget-heading .elementor-heading-title[class*=elementor-size-]>a{color:inherit;font-size:inherit;line-height:inherit}.elementor-widget-heading .elementor-heading-title.elementor-size-small{font-size:15px}.elementor-widget-heading .elementor-heading-title.elementor-size-medium{font-size:19px}.elementor-widget-heading .elementor-heading-title.elementor-size-large{font-size:29px}.elementor-widget-heading .elementor-heading-title.elementor-size-xl{font-size:39px}.elementor-widget-heading .elementor-heading-title.elementor-size-xxl{font-size:59px}<\/style><h2 class=\"elementor-heading-title elementor-size-default\">\u0645\u0646 \u0646\u062d\u0646 \u061f<\/h2>\t\t<\/div>\n\t\t\t\t<\/div>\n\t\t\t\t<div class=\"elementor-element elementor-element-6c74fab elementor-widget elementor-widget-image\" data-id=\"6c74fab\" data-element_type=\"widget\" data-widget_type=\"image.default\">\n\t\t\t\t<div class=\"elementor-widget-container\">\n\t\t\t<style>\/*! elementor - v3.8.0 - 30-10-2022 *\/\n.elementor-widget-image{text-align:center}.elementor-widget-image a{display:inline-block}.elementor-widget-image a img[src$=\".svg\"]{width:48px}.elementor-widget-image img{vertical-align:middle;display:inline-block}<\/style>\t\t\t\t\t\t\t\t\t\t\t\t<img loading=\"lazy\" decoding=\"async\" width=\"300\" height=\"65\" src=\"https:\/\/www.mineaarchitecture.com\/wp-content\/uploads\/2022\/10\/Minea-1-300x65.png\" class=\"attachment-medium size-medium\" alt=\"\" \/>\t\t\t\t\t\t\t\t\t\t\t\t\t\t\t<\/div>\n\t\t\t\t<\/div>\n\t\t\t\t\t<\/div>\n\t\t<\/div>\n\t\t\t\t<div class=\"elementor-column elementor-col-50 elementor-inner-column elementor-element elementor-element-8131a35\" data-id=\"8131a35\" data-element_type=\"column\">\n\t\t\t<div class=\"elementor-widget-wrap elementor-element-populated\">\n\t\t\t\t\t\t\t\t<div class=\"elementor-element elementor-element-020d583 elementor-widget elementor-widget-heading\" data-id=\"020d583\" data-element_type=\"widget\" data-widget_type=\"heading.default\">\n\t\t\t\t<div class=\"elementor-widget-container\">\n\t\t\t<h2 class=\"elementor-heading-title elementor-size-default\">\u0627\u062c\u062a\u0645\u0639\u062a \u0634\u0631\u0643\u062a\u0646\u0627 \u060c \u0627\u0644\u062a\u064a \u062a\u0639\u0645\u0644 \u0641\u064a \u0645\u062c\u0627\u0644 \u0627\u0644\u0628\u0646\u0627\u0621 \u0645\u0646\u0630 \u0639\u0627\u0645 2015 \u060c \u062a\u062d\u062a \u0645\u0638\u0644\u0629 \u0634\u0631\u0643\u0629 MINEA ARCHITECTURE \u0644\u0645\u0648\u0627\u0635\u0644\u0629 \u0637\u0631\u064a\u0642\u0647\u0627 \u0645\u0639 \u0647\u064a\u0643\u0644 \u0648\u062d\u0644\u0648\u0644 \u0645\u0624\u0633\u0633\u064a\u0629 \u0623\u0643\u062b\u0631. \u0645\u0624\u0633\u0633\u0629 \u0646\u0645\u0648\u0630\u062c\u064a\u0629 \u0641\u064a \u0625\u0646\u062a\u0627\u062c \u0648\u0642\u0637\u0627\u0639 \u0627\u0644\u0623\u062b\u0627\u062b \u060c \u062a\u0648\u0641\u0631 \u0645\u0632\u064a\u062c\u064b\u0627 \u0645\u0646 \u0645\u0634\u0627\u0631\u064a\u0639 \u0627\u0644\u062a\u0635\u0645\u064a\u0645 \u0648\u0627\u0644\u062a\u0637\u0628\u064a\u0642 \u0627\u0644\u0645\u0639\u0645\u0627\u0631\u064a \u060c \u0648\u0645\u0634\u0627\u0631\u064a\u0639 \u0627\u0644\u062a\u0631\u0645\u064a\u0645 \u060c \u0648\u0645\u0634\u0627\u0631\u064a\u0639 \u0627\u0644\u0628\u0646\u0627\u0621 \u060c \u0648\u0645\u0634\u0627\u0631\u064a\u0639 \u0627\u0644\u0645\u0646\u0627\u0638\u0631 \u0627\u0644\u0637\u0628\u064a\u0639\u064a\u0629 \u060c \u0648\u062c\u0645\u0627\u0644\u064a\u0627\u062a \u0627\u0644\u062a\u0635\u0645\u064a\u0645 \u0627\u0644\u062f\u0627\u062e\u0644\u064a \u0628\u062c\u0648\u062f\u0629 \u0648\u0631\u0627\u062d\u0629 \u060c \u062c\u0646\u0628\u064b\u0627 \u0625\u0644\u0649 \u062c\u0646\u0628 \u0645\u0639 \u0625\u0646\u062a\u0627\u062c \u0627\u0644\u0645\u0633\u0627\u0643\u0646 \u0648\u0623\u0645\u0627\u0643\u0646 \u0627\u0644\u0639\u0645\u0644 \u0648\u0627\u0644\u0628\u0646\u0649 \u0627\u0644\u0641\u0648\u0642\u064a\u0629 \u0627\u0644\u0645\u0645\u0627\u062b\u0644\u0629 \u0627\u0644\u062a\u064a \u062a\u062b\u064a\u0631 \u0627\u0644\u0625\u0639\u062c\u0627\u0628 \u0628\u0645\u0648\u0638\u0641\u064a\u0647\u0627 \u0627\u0644\u0641\u0646\u064a\u064a\u0646 \u0641\u064a \u0627\u0644\u0646\u0642\u0637\u0629 \u0627\u0644\u062a\u064a \u0648\u0635\u0644\u0646\u0627 \u0625\u0644\u064a\u0647\u0627 \u0627\u0644\u064a\u0648\u0645. \u0646\u062d\u0646 \u0646\u0631\u0641\u0639 \u0628\u0627\u0633\u062a\u0645\u0631\u0627\u0631 \u0627\u0644\u0645\u0639\u0627\u064a\u064a\u0631 \u0644\u062a\u0645\u062c\u064a\u062f \u0627\u0644\u0642\u064a\u0645 \u0627\u0644\u0625\u0646\u0633\u0627\u0646\u064a\u0629 \u0644\u0644\u0641\u0636\u0627\u0621 \u060c \u0648\u0646\u0639\u0644\u0645 \u062c\u064a\u062f\u064b\u0627 \u062a\u0623\u062b\u064a\u0631\u0627\u062a \u0627\u0644\u0641\u0636\u0627\u0621 \u0639\u0644\u0649 \u062c\u0648\u062f\u0629 \u0627\u0644\u062d\u064a\u0627\u0629 \u060c \u0641\u064a \u0645\u0634\u0627\u0631\u064a\u0639\u0646\u0627 \u0627\u0644\u0623\u0635\u0644\u064a\u0629 \u0627\u0644\u062a\u064a \u0646\u0637\u0631\u062d\u0647\u0627 \u0628\u062d\u0644\u0648\u0644 \u062c\u0645\u0627\u0644\u064a\u0629 \u0648\u0648\u0638\u064a\u0641\u064a\u0629.<\/h2>\t\t<\/div>\n\t\t\t\t<\/div>\n\t\t\t\t\t<\/div>\n\t\t<\/div>\n\t\t\t\t\t\t\t<\/div>\n\t\t<\/section>\n\t\t\t\t\t<\/div>\n\t\t<\/div>\n\t\t\t\t\t\t\t<\/div>\n\t\t<\/section>\n\t\t\t\t<section class=\"elementor-section elementor-top-section elementor-element elementor-element-99f9c35 elementor-section-full_width elementor-hidden-phone elementor-section-height-default elementor-section-height-default\" data-id=\"99f9c35\" data-element_type=\"section\">\n\t\t\t\t\t\t<div class=\"elementor-container elementor-column-gap-no\">\n\t\t\t\t\t<div class=\"elementor-column elementor-col-100 elementor-top-column elementor-element elementor-element-9849c01\" data-id=\"9849c01\" data-element_type=\"column\">\n\t\t\t<div class=\"elementor-widget-wrap elementor-element-populated\">\n\t\t\t\t\t\t\t\t<div class=\"elementor-element elementor-element-75c174e elementor-widget elementor-widget-avo-featured\" data-id=\"75c174e\" data-element_type=\"widget\" data-widget_type=\"avo-featured.default\">\n\t\t\t\t<div class=\"elementor-widget-container\">\n\t\t\t<div class=\"avo-featured style-3\">\r\n    <div class=\"min-area sub-bg\">\r\n        <div class=\"container\">\r\n            <div class=\"row\">\r\n                <div class=\"col-lg-6\">\r\n                    <div class=\"img\">\r\n                        <img decoding=\"async\" class=\"thumparallax-down\" src=\"https:\/\/www.mineaarchitecture.com\/wp-content\/uploads\/2022\/10\/beautiful-modern-building-modern-architecture_181624-21692-1024x683-1.webp\" alt=\"\">\r\n                    <\/div>\r\n                <\/div>\r\n                <div class=\"col-lg-6 valign\">\r\n                    <div class=\"content\">\r\n                        <h4 class=\"wow custom-font\" data-splitting>MINEA Architecture<\/h4>\r\n                        <p class=\"wow txt\" data-splitting><\/p>\r\n                        <ul class=\"feat\">\r\n                                                        <li class=\"wow fadeInUp\" data-wow-delay=\".2s\">\r\n                                <h6><span>1<\/span>\u0645\u0647\u0645\u062a\u0646\u0627<\/h6>\r\n                                <p>\u0633\u064a\u062d\u062a\u0648\u064a \u0647\u0630\u0627 \u0627\u0644\u062d\u0642\u0644 \u0639\u0644\u0649 \u0645\u062d\u062a\u0648\u0649.<\/p>\r\n                            <\/li>\r\n                                                        <li class=\"wow fadeInUp\" data-wow-delay=\".2s\">\r\n                                <h6><span>2<\/span>\u0631\u0624\u064a\u062a\u0646\u0627<\/h6>\r\n                                <p>\u0633\u064a\u062d\u062a\u0648\u064a \u0647\u0630\u0627 \u0627\u0644\u062d\u0642\u0644 \u0639\u0644\u0649 \u0645\u062d\u062a\u0648\u0649.<\/p>\r\n                            <\/li>\r\n                                                        <li class=\"wow fadeInUp\" data-wow-delay=\".2s\">\r\n                                <h6><span>3<\/span>\u0642\u064a\u0645\u0646\u0627<\/h6>\r\n                                <p>\u0633\u064a\u062d\u062a\u0648\u064a \u0647\u0630\u0627 \u0627\u0644\u062d\u0642\u0644 \u0639\u0644\u0649 \u0645\u062d\u062a\u0648\u0649.<\/p>\r\n                            <\/li>\r\n                                                    <\/ul>\r\n                    <\/div>\r\n                <\/div>\r\n            <\/div>\r\n        <\/div>\r\n    <\/div>\r\n<\/div>\t\t<\/div>\n\t\t\t\t<\/div>\n\t\t\t\t\t<\/div>\n\t\t<\/div>\n\t\t\t\t\t\t\t<\/div>\n\t\t<\/section>\n\t\t\t\t\t\t\t<\/div>","protected":false},"excerpt":{"rendered":"<p>Hakk\u0131m\u0131zda Home \/ Biz Kimiz ? 2015\u2019den itibaren in\u015faat alan\u0131nda faaliyet g\u00f6steren firmam\u0131z, daha kurumsal bir yap\u0131 ve \u00e7\u00f6z\u00fcmler ile yoluna devam etmek \u00fczere MINEA ARCHITECTURE \u015firketi \u00e7at\u0131s\u0131 alt\u0131nda toplanm\u0131\u015ft\u0131r. Bug\u00fcn geldi\u011fimiz noktada teknik kadrosuyla g\u00f6z dolduran konut, i\u015f yeri ve benzeri \u00fcst yap\u0131 imalatlar\u0131 ile birlikte mimari tasar\u0131m ve uygulama projeleri, restorasyon projeleri, konstr\u00fcksiyon projeleri, peyzaj projeleri ve i\u00e7 &hellip;<\/p>","protected":false},"author":1,"featured_media":0,"parent":0,"menu_order":0,"comment_status":"closed","ping_status":"closed","template":"blank-builder.php","meta":{"footnotes":""},"class_list":["post-825","page","type-page","status-publish","hentry"],"_links":{"self":[{"href":"https:\/\/www.mineaarchitecture.com\/ar\/wp-json\/wp\/v2\/pages\/825","targetHints":{"allow":["GET"]}}],"collection":[{"href":"https:\/\/www.mineaarchitecture.com\/ar\/wp-json\/wp\/v2\/pages"}],"about":[{"href":"https:\/\/www.mineaarchitecture.com\/ar\/wp-json\/wp\/v2\/types\/page"}],"author":[{"embeddable":true,"href":"https:\/\/www.mineaarchitecture.com\/ar\/wp-json\/wp\/v2\/users\/1"}],"replies":[{"embeddable":true,"href":"https:\/\/www.mineaarchitecture.com\/ar\/wp-json\/wp\/v2\/comments?post=825"}],"version-history":[{"count":18,"href":"https:\/\/www.mineaarchitecture.com\/ar\/wp-json\/wp\/v2\/pages\/825\/revisions"}],"predecessor-version":[{"id":1413,"href":"https:\/\/www.mineaarchitecture.com\/ar\/wp-json\/wp\/v2\/pages\/825\/revisions\/1413"}],"wp:attachment":[{"href":"https:\/\/www.mineaarchitecture.com\/ar\/wp-json\/wp\/v2\/media?parent=825"}],"curies":[{"name":"wp","href":"https:\/\/api.w.org\/{rel}","templated":true}]}}